{"id":1323,"date":"2025-11-25T20:16:33","date_gmt":"2025-11-25T20:16:33","guid":{"rendered":"https:\/\/chromoflux.ch\/shop\/prisme-supplementaire\/"},"modified":"2026-03-16T21:00:35","modified_gmt":"2026-03-16T21:00:35","slug":"prisme-supplementaire","status":"publish","type":"product","link":"https:\/\/chromoflux.ch\/fr\/shop\/prisme-supplementaire\/","title":{"rendered":"Prisme suppl\u00e9mentaire"},"content":{"rendered":"<p><strong>Dimensions<\/strong>: 13 x 13 x 184.2 cm<\/p>\n<p><strong>Poids<\/strong>: 4 kg<\/p>\n<p><strong>Mat\u00e9riaux\/composants<\/strong>: Prisme en PMMA GS*, feuilles adh\u00e9sives<\/p>\n<p>* PMMA GS signifie verre acrylique coul\u00e9 (polym\u00e9thacrylate de m\u00e9thyle), un plastique transparent connu pour sa grande transparence, sa r\u00e9sistance aux intemp\u00e9ries et sa facilit\u00e9 de traitement. Il est fabriqu\u00e9 par moulage et convient parfaitement aux applications pour lesquelles un aspect visuel exceptionnel est important. Par rapport au PMMA extrud\u00e9 (PMMA XT), le PMMA GS pr\u00e9sente moins de tensions et est moins sujet aux fissures de contrainte.<\/p>\n<div>\n<p><strong>Version selon votre choix : BASIC, CUBE, AER (Special 1), AQUA (Special 2), IGNIS (Special 3), TERRA (Special 4), AETHER (Special 5).<\/strong><\/p>\n<p>Nous vous recommandons d&rsquo;acheter un <a href=\"https:\/\/chromoflux.ch\/fr\/shop\/supports-individuels\/\">stand unique<\/a> pour le prisme suppl\u00e9mentaire, ou un <a href=\"https:\/\/chromoflux.ch\/fr\/shop\/support-a-trois\/\">stand triple<\/a> si vous souhaitez plusieurs prismes suppl\u00e9mentaires.<\/p>\n<\/div>\n<p>&nbsp;<\/p>\n<p><strong>D\u00e9tails du produit<\/strong><\/p>\n<ul>\n<li>Prisme en PMMA GS transparent, 3 mm, triangle isoc\u00e8le avec des c\u00f4t\u00e9s de 130 mm de long. Fond et couvercle avec plaques de PMMA noir coll\u00e9es, 5 mm et en plus un disque hexagonal en PMMA GS 3 mm, transparent pour chacun.<\/li>\n<li>D\u00e9coration avec des films adh\u00e9sifs transparents ORACAL 8300, type selon sp\u00e9cification exacte. Sujets de film trac\u00e9s et coll\u00e9s selon le plan.<\/li>\n<\/ul>\n<div><\/div>\n","protected":false},"excerpt":{"rendered":"<p>Les prismes additionnels vous permettent de varier les effets de couleur de votre luminaire CHROMOFLUX. Vous pouvez retirer le prisme d&rsquo;origine et utiliser un prisme suppl\u00e9mentaire \u00e0 la place. Vous pouvez ainsi cr\u00e9er des ambiances diff\u00e9rentes \u00e0 tout moment, selon vos besoins.<\/p>\n<p>S\u00e9lectionnez le mod\u00e8le de prisme suppl\u00e9mentaire souhait\u00e9 :<\/p>\n","protected":false},"featured_media":1326,"comment_status":"closed","ping_status":"closed","template":"","meta":[],"product_brand":[],"product_cat":[48],"product_tag":[],"class_list":{"0":"post-1323","1":"product","2":"type-product","3":"status-publish","4":"has-post-thumbnail","6":"product_cat-accessoires","8":"first","9":"instock","10":"shipping-taxable","11":"purchasable","12":"product-type-variable"},"yoast_head":"<!-- This site is optimized with the Yoast SEO plugin v27.1.1 - https:\/\/yoast.com\/product\/yoast-seo-wordpress\/ -->\n<title>Prisme suppl\u00e9mentaire - Chromoflux<\/title>\n<meta name=\"robots\" content=\"index, follow, max-snippet:-1, max-image-preview:large, max-video-preview:-1\" \/>\n<link rel=\"canonical\" href=\"https:\/\/chromoflux.ch\/fr\/shop\/prisme-supplementaire\/\" \/>\n<meta property=\"og:locale\" content=\"fr_FR\" \/>\n<meta property=\"og:type\" content=\"article\" \/>\n<meta property=\"og:title\" content=\"Prisme suppl\u00e9mentaire - Chromoflux\" \/>\n<meta property=\"og:description\" content=\"Les prismes additionnels vous permettent de varier les effets de couleur de votre luminaire CHROMOFLUX. Vous pouvez retirer le prisme d&#039;origine et utiliser un prisme suppl\u00e9mentaire \u00e0 la place. Vous pouvez ainsi cr\u00e9er des ambiances diff\u00e9rentes \u00e0 tout moment, selon vos besoins.  S\u00e9lectionnez le mod\u00e8le de prisme suppl\u00e9mentaire souhait\u00e9 :\" \/>\n<meta property=\"og:url\" content=\"https:\/\/chromoflux.ch\/fr\/shop\/prisme-supplementaire\/\" \/>\n<meta property=\"og:site_name\" content=\"Chromoflux\" \/>\n<meta property=\"article:modified_time\" content=\"2026-03-16T21:00:35+00:00\" \/>\n<meta property=\"og:image\" content=\"https:\/\/chromoflux.ch\/wp-content\/uploads\/2025\/11\/20250923_115121-scaled.jpg\" \/>\n\t<meta property=\"og:image:width\" content=\"928\" \/>\n\t<meta property=\"og:image:height\" content=\"2560\" \/>\n\t<meta property=\"og:image:type\" content=\"image\/jpeg\" \/>\n<meta name=\"twitter:card\" content=\"summary_large_image\" \/>\n<meta name=\"twitter:label1\" content=\"Dur\u00e9e de lecture estim\u00e9e\" \/>\n\t<meta name=\"twitter:data1\" content=\"2 minutes\" \/>\n<script type=\"application\/ld+json\" class=\"yoast-schema-graph\">{\"@context\":\"https:\/\/schema.org\",\"@graph\":[{\"@type\":\"WebPage\",\"@id\":\"https:\/\/chromoflux.ch\/fr\/shop\/prisme-supplementaire\/\",\"url\":\"https:\/\/chromoflux.ch\/fr\/shop\/prisme-supplementaire\/\",\"name\":\"Prisme suppl\u00e9mentaire - Chromoflux\",\"isPartOf\":{\"@id\":\"https:\/\/chromoflux.ch\/fr\/#website\"},\"primaryImageOfPage\":{\"@id\":\"https:\/\/chromoflux.ch\/fr\/shop\/prisme-supplementaire\/#primaryimage\"},\"image\":{\"@id\":\"https:\/\/chromoflux.ch\/fr\/shop\/prisme-supplementaire\/#primaryimage\"},\"thumbnailUrl\":\"https:\/\/chromoflux.ch\/wp-content\/uploads\/2025\/11\/20250923_115121-scaled.jpg\",\"datePublished\":\"2025-11-25T20:16:33+00:00\",\"dateModified\":\"2026-03-16T21:00:35+00:00\",\"breadcrumb\":{\"@id\":\"https:\/\/chromoflux.ch\/fr\/shop\/prisme-supplementaire\/#breadcrumb\"},\"inLanguage\":\"fr-FR\",\"potentialAction\":[{\"@type\":\"ReadAction\",\"target\":[\"https:\/\/chromoflux.ch\/fr\/shop\/prisme-supplementaire\/\"]}]},{\"@type\":\"ImageObject\",\"inLanguage\":\"fr-FR\",\"@id\":\"https:\/\/chromoflux.ch\/fr\/shop\/prisme-supplementaire\/#primaryimage\",\"url\":\"https:\/\/chromoflux.ch\/wp-content\/uploads\/2025\/11\/20250923_115121-scaled.jpg\",\"contentUrl\":\"https:\/\/chromoflux.ch\/wp-content\/uploads\/2025\/11\/20250923_115121-scaled.jpg\",\"width\":928,\"height\":2560},{\"@type\":\"BreadcrumbList\",\"@id\":\"https:\/\/chromoflux.ch\/fr\/shop\/prisme-supplementaire\/#breadcrumb\",\"itemListElement\":[{\"@type\":\"ListItem\",\"position\":1,\"name\":\"Startseite\",\"item\":\"https:\/\/chromoflux.ch\/fr\/\"},{\"@type\":\"ListItem\",\"position\":2,\"name\":\"Boutique\",\"item\":\"https:\/\/chromoflux.ch\/fr\/boutique\/\"},{\"@type\":\"ListItem\",\"position\":3,\"name\":\"Prisme suppl\u00e9mentaire\"}]},{\"@type\":\"WebSite\",\"@id\":\"https:\/\/chromoflux.ch\/fr\/#website\",\"url\":\"https:\/\/chromoflux.ch\/fr\/\",\"name\":\"Chromoflux\",\"description\":\"\",\"publisher\":{\"@id\":\"https:\/\/chromoflux.ch\/fr\/#organization\"},\"potentialAction\":[{\"@type\":\"SearchAction\",\"target\":{\"@type\":\"EntryPoint\",\"urlTemplate\":\"https:\/\/chromoflux.ch\/fr\/?s={search_term_string}\"},\"query-input\":{\"@type\":\"PropertyValueSpecification\",\"valueRequired\":true,\"valueName\":\"search_term_string\"}}],\"inLanguage\":\"fr-FR\"},{\"@type\":\"Organization\",\"@id\":\"https:\/\/chromoflux.ch\/fr\/#organization\",\"name\":\"Chromoflux\",\"url\":\"https:\/\/chromoflux.ch\/fr\/\",\"logo\":{\"@type\":\"ImageObject\",\"inLanguage\":\"fr-FR\",\"@id\":\"https:\/\/chromoflux.ch\/fr\/#\/schema\/logo\/image\/\",\"url\":\"https:\/\/chromoflux.ch\/wp-content\/uploads\/2023\/09\/cropped-favion512.png\",\"contentUrl\":\"https:\/\/chromoflux.ch\/wp-content\/uploads\/2023\/09\/cropped-favion512.png\",\"width\":512,\"height\":512,\"caption\":\"Chromoflux\"},\"image\":{\"@id\":\"https:\/\/chromoflux.ch\/fr\/#\/schema\/logo\/image\/\"}}]}<\/script>\n<!-- \/ Yoast SEO plugin. -->","yoast_head_json":{"title":"Prisme suppl\u00e9mentaire - Chromoflux","robots":{"index":"index","follow":"follow","max-snippet":"max-snippet:-1","max-image-preview":"max-image-preview:large","max-video-preview":"max-video-preview:-1"},"canonical":"https:\/\/chromoflux.ch\/fr\/shop\/prisme-supplementaire\/","og_locale":"fr_FR","og_type":"article","og_title":"Prisme suppl\u00e9mentaire - Chromoflux","og_description":"Les prismes additionnels vous permettent de varier les effets de couleur de votre luminaire CHROMOFLUX. Vous pouvez retirer le prisme d'origine et utiliser un prisme suppl\u00e9mentaire \u00e0 la place. Vous pouvez ainsi cr\u00e9er des ambiances diff\u00e9rentes \u00e0 tout moment, selon vos besoins.  S\u00e9lectionnez le mod\u00e8le de prisme suppl\u00e9mentaire souhait\u00e9 :","og_url":"https:\/\/chromoflux.ch\/fr\/shop\/prisme-supplementaire\/","og_site_name":"Chromoflux","article_modified_time":"2026-03-16T21:00:35+00:00","og_image":[{"width":928,"height":2560,"url":"https:\/\/chromoflux.ch\/wp-content\/uploads\/2025\/11\/20250923_115121-scaled.jpg","type":"image\/jpeg"}],"twitter_card":"summary_large_image","twitter_misc":{"Dur\u00e9e de lecture estim\u00e9e":"2 minutes"},"schema":{"@context":"https:\/\/schema.org","@graph":[{"@type":"WebPage","@id":"https:\/\/chromoflux.ch\/fr\/shop\/prisme-supplementaire\/","url":"https:\/\/chromoflux.ch\/fr\/shop\/prisme-supplementaire\/","name":"Prisme suppl\u00e9mentaire - Chromoflux","isPartOf":{"@id":"https:\/\/chromoflux.ch\/fr\/#website"},"primaryImageOfPage":{"@id":"https:\/\/chromoflux.ch\/fr\/shop\/prisme-supplementaire\/#primaryimage"},"image":{"@id":"https:\/\/chromoflux.ch\/fr\/shop\/prisme-supplementaire\/#primaryimage"},"thumbnailUrl":"https:\/\/chromoflux.ch\/wp-content\/uploads\/2025\/11\/20250923_115121-scaled.jpg","datePublished":"2025-11-25T20:16:33+00:00","dateModified":"2026-03-16T21:00:35+00:00","breadcrumb":{"@id":"https:\/\/chromoflux.ch\/fr\/shop\/prisme-supplementaire\/#breadcrumb"},"inLanguage":"fr-FR","potentialAction":[{"@type":"ReadAction","target":["https:\/\/chromoflux.ch\/fr\/shop\/prisme-supplementaire\/"]}]},{"@type":"ImageObject","inLanguage":"fr-FR","@id":"https:\/\/chromoflux.ch\/fr\/shop\/prisme-supplementaire\/#primaryimage","url":"https:\/\/chromoflux.ch\/wp-content\/uploads\/2025\/11\/20250923_115121-scaled.jpg","contentUrl":"https:\/\/chromoflux.ch\/wp-content\/uploads\/2025\/11\/20250923_115121-scaled.jpg","width":928,"height":2560},{"@type":"BreadcrumbList","@id":"https:\/\/chromoflux.ch\/fr\/shop\/prisme-supplementaire\/#breadcrumb","itemListElement":[{"@type":"ListItem","position":1,"name":"Startseite","item":"https:\/\/chromoflux.ch\/fr\/"},{"@type":"ListItem","position":2,"name":"Boutique","item":"https:\/\/chromoflux.ch\/fr\/boutique\/"},{"@type":"ListItem","position":3,"name":"Prisme suppl\u00e9mentaire"}]},{"@type":"WebSite","@id":"https:\/\/chromoflux.ch\/fr\/#website","url":"https:\/\/chromoflux.ch\/fr\/","name":"Chromoflux","description":"","publisher":{"@id":"https:\/\/chromoflux.ch\/fr\/#organization"},"potentialAction":[{"@type":"SearchAction","target":{"@type":"EntryPoint","urlTemplate":"https:\/\/chromoflux.ch\/fr\/?s={search_term_string}"},"query-input":{"@type":"PropertyValueSpecification","valueRequired":true,"valueName":"search_term_string"}}],"inLanguage":"fr-FR"},{"@type":"Organization","@id":"https:\/\/chromoflux.ch\/fr\/#organization","name":"Chromoflux","url":"https:\/\/chromoflux.ch\/fr\/","logo":{"@type":"ImageObject","inLanguage":"fr-FR","@id":"https:\/\/chromoflux.ch\/fr\/#\/schema\/logo\/image\/","url":"https:\/\/chromoflux.ch\/wp-content\/uploads\/2023\/09\/cropped-favion512.png","contentUrl":"https:\/\/chromoflux.ch\/wp-content\/uploads\/2023\/09\/cropped-favion512.png","width":512,"height":512,"caption":"Chromoflux"},"image":{"@id":"https:\/\/chromoflux.ch\/fr\/#\/schema\/logo\/image\/"}}]}},"_links":{"self":[{"href":"https:\/\/chromoflux.ch\/fr\/wp-json\/wp\/v2\/product\/1323","targetHints":{"allow":["GET"]}}],"collection":[{"href":"https:\/\/chromoflux.ch\/fr\/wp-json\/wp\/v2\/product"}],"about":[{"href":"https:\/\/chromoflux.ch\/fr\/wp-json\/wp\/v2\/types\/product"}],"replies":[{"embeddable":true,"href":"https:\/\/chromoflux.ch\/fr\/wp-json\/wp\/v2\/comments?post=1323"}],"wp:featuredmedia":[{"embeddable":true,"href":"https:\/\/chromoflux.ch\/fr\/wp-json\/wp\/v2\/media\/1326"}],"wp:attachment":[{"href":"https:\/\/chromoflux.ch\/fr\/wp-json\/wp\/v2\/media?parent=1323"}],"wp:term":[{"taxonomy":"product_brand","embeddable":true,"href":"https:\/\/chromoflux.ch\/fr\/wp-json\/wp\/v2\/product_brand?post=1323"},{"taxonomy":"product_cat","embeddable":true,"href":"https:\/\/chromoflux.ch\/fr\/wp-json\/wp\/v2\/product_cat?post=1323"},{"taxonomy":"product_tag","embeddable":true,"href":"https:\/\/chromoflux.ch\/fr\/wp-json\/wp\/v2\/product_tag?post=1323"}],"curies":[{"name":"wp","href":"https:\/\/api.w.org\/{rel}","templated":true}]}}