{"id":1337,"date":"2025-11-24T19:09:10","date_gmt":"2025-11-24T19:09:10","guid":{"rendered":"https:\/\/chromoflux.ch\/shop\/supports-individuels\/"},"modified":"2026-03-04T11:36:17","modified_gmt":"2026-03-04T11:36:17","slug":"supports-individuels","status":"publish","type":"product","link":"https:\/\/chromoflux.ch\/fr\/shop\/supports-individuels\/","title":{"rendered":"Stand unique"},"content":{"rendered":"<p><strong>Dimensions<\/strong>: 30 x 30 x 32 cm<\/p>\n<p><strong>Poids<\/strong>: 10 kg<\/p>\n<p>Mat\u00e9riaux\/composants : PMMA GS*<\/p>\n<p>* PMMA GS signifie verre acrylique coul\u00e9 (polym\u00e9thacrylate de m\u00e9thyle), un plastique transparent connu pour sa grande transparence, sa r\u00e9sistance aux intemp\u00e9ries et sa facilit\u00e9 de traitement. Il est fabriqu\u00e9 par moulage et convient parfaitement aux applications pour lesquelles un aspect visuel exceptionnel est important. Par rapport au PMMA extrud\u00e9 (PMMA XT), le PMMA GS pr\u00e9sente moins de tensions et est moins sujet aux fissures de contrainte.  <\/p>\n<p>&nbsp;<\/p>\n<p><strong>D\u00e9tails du produit<\/strong><\/p>\n<div>\n<ul>\n<li>PMMA GS 20 mm, noir-brillant, et tube en verre acrylique, transparent D=180\/172mm, plaque de fond proprement d\u00e9coup\u00e9e et bords polis au diamant sur le pourtour et l\u00e9g\u00e8rement cass\u00e9s. Tube coup\u00e9 \u00e0 300 mm, bords cass\u00e9s. Tubes coll\u00e9s sur la plaque de base.  <\/li>\n<\/ul>\n<\/div>\n","protected":false},"excerpt":{"rendered":"<p>Le stand unique permet de stocker\/exposer <strong>un prisme de rechange<\/strong> en toute s\u00e9curit\u00e9 \u00e0 c\u00f4t\u00e9 du luminaire, pr\u00eat \u00e0 \u00eatre remplac\u00e9 \u00e0 tout moment.<\/p>\n","protected":false},"featured_media":1345,"comment_status":"closed","ping_status":"closed","template":"","meta":[],"product_brand":[],"product_cat":[48],"product_tag":[],"class_list":{"0":"post-1337","1":"product","2":"type-product","3":"status-publish","4":"has-post-thumbnail","6":"product_cat-accessoires","8":"first","9":"instock","10":"shipping-taxable","11":"purchasable","12":"product-type-simple"},"yoast_head":"<!-- This site is optimized with the Yoast SEO plugin v27.1.1 - https:\/\/yoast.com\/product\/yoast-seo-wordpress\/ -->\n<title>Stand unique - Chromoflux<\/title>\n<meta name=\"robots\" content=\"index, follow, max-snippet:-1, max-image-preview:large, max-video-preview:-1\" \/>\n<link rel=\"canonical\" href=\"https:\/\/chromoflux.ch\/fr\/shop\/supports-individuels\/\" \/>\n<meta property=\"og:locale\" content=\"fr_FR\" \/>\n<meta property=\"og:type\" content=\"article\" \/>\n<meta property=\"og:title\" content=\"Stand unique - Chromoflux\" \/>\n<meta property=\"og:description\" content=\"Le stand unique permet de stocker\/exposer un prisme de rechange en toute s\u00e9curit\u00e9 \u00e0 c\u00f4t\u00e9 du luminaire, pr\u00eat \u00e0 \u00eatre remplac\u00e9 \u00e0 tout moment.\" \/>\n<meta property=\"og:url\" content=\"https:\/\/chromoflux.ch\/fr\/shop\/supports-individuels\/\" \/>\n<meta property=\"og:site_name\" content=\"Chromoflux\" \/>\n<meta property=\"article:modified_time\" content=\"2026-03-04T11:36:17+00:00\" \/>\n<meta property=\"og:image\" content=\"https:\/\/chromoflux.ch\/wp-content\/uploads\/2026\/02\/Einzelstaender-2-1-scaled.jpg\" \/>\n\t<meta property=\"og:image:width\" content=\"2560\" \/>\n\t<meta property=\"og:image:height\" content=\"1708\" \/>\n\t<meta property=\"og:image:type\" content=\"image\/jpeg\" \/>\n<meta name=\"twitter:card\" content=\"summary_large_image\" \/>\n<meta name=\"twitter:label1\" content=\"Dur\u00e9e de lecture estim\u00e9e\" \/>\n\t<meta name=\"twitter:data1\" content=\"1 minute\" \/>\n<script type=\"application\/ld+json\" class=\"yoast-schema-graph\">{\"@context\":\"https:\/\/schema.org\",\"@graph\":[{\"@type\":\"WebPage\",\"@id\":\"https:\/\/chromoflux.ch\/fr\/shop\/supports-individuels\/\",\"url\":\"https:\/\/chromoflux.ch\/fr\/shop\/supports-individuels\/\",\"name\":\"Stand unique - Chromoflux\",\"isPartOf\":{\"@id\":\"https:\/\/chromoflux.ch\/fr\/#website\"},\"primaryImageOfPage\":{\"@id\":\"https:\/\/chromoflux.ch\/fr\/shop\/supports-individuels\/#primaryimage\"},\"image\":{\"@id\":\"https:\/\/chromoflux.ch\/fr\/shop\/supports-individuels\/#primaryimage\"},\"thumbnailUrl\":\"https:\/\/chromoflux.ch\/wp-content\/uploads\/2026\/02\/Einzelstaender-2-1-scaled.jpg\",\"datePublished\":\"2025-11-24T19:09:10+00:00\",\"dateModified\":\"2026-03-04T11:36:17+00:00\",\"breadcrumb\":{\"@id\":\"https:\/\/chromoflux.ch\/fr\/shop\/supports-individuels\/#breadcrumb\"},\"inLanguage\":\"fr-FR\",\"potentialAction\":[{\"@type\":\"ReadAction\",\"target\":[\"https:\/\/chromoflux.ch\/fr\/shop\/supports-individuels\/\"]}]},{\"@type\":\"ImageObject\",\"inLanguage\":\"fr-FR\",\"@id\":\"https:\/\/chromoflux.ch\/fr\/shop\/supports-individuels\/#primaryimage\",\"url\":\"https:\/\/chromoflux.ch\/wp-content\/uploads\/2026\/02\/Einzelstaender-2-1-scaled.jpg\",\"contentUrl\":\"https:\/\/chromoflux.ch\/wp-content\/uploads\/2026\/02\/Einzelstaender-2-1-scaled.jpg\",\"width\":2560,\"height\":1708},{\"@type\":\"BreadcrumbList\",\"@id\":\"https:\/\/chromoflux.ch\/fr\/shop\/supports-individuels\/#breadcrumb\",\"itemListElement\":[{\"@type\":\"ListItem\",\"position\":1,\"name\":\"Startseite\",\"item\":\"https:\/\/chromoflux.ch\/fr\/\"},{\"@type\":\"ListItem\",\"position\":2,\"name\":\"Boutique\",\"item\":\"https:\/\/chromoflux.ch\/fr\/boutique\/\"},{\"@type\":\"ListItem\",\"position\":3,\"name\":\"Stand unique\"}]},{\"@type\":\"WebSite\",\"@id\":\"https:\/\/chromoflux.ch\/fr\/#website\",\"url\":\"https:\/\/chromoflux.ch\/fr\/\",\"name\":\"Chromoflux\",\"description\":\"\",\"publisher\":{\"@id\":\"https:\/\/chromoflux.ch\/fr\/#organization\"},\"potentialAction\":[{\"@type\":\"SearchAction\",\"target\":{\"@type\":\"EntryPoint\",\"urlTemplate\":\"https:\/\/chromoflux.ch\/fr\/?s={search_term_string}\"},\"query-input\":{\"@type\":\"PropertyValueSpecification\",\"valueRequired\":true,\"valueName\":\"search_term_string\"}}],\"inLanguage\":\"fr-FR\"},{\"@type\":\"Organization\",\"@id\":\"https:\/\/chromoflux.ch\/fr\/#organization\",\"name\":\"Chromoflux\",\"url\":\"https:\/\/chromoflux.ch\/fr\/\",\"logo\":{\"@type\":\"ImageObject\",\"inLanguage\":\"fr-FR\",\"@id\":\"https:\/\/chromoflux.ch\/fr\/#\/schema\/logo\/image\/\",\"url\":\"https:\/\/chromoflux.ch\/wp-content\/uploads\/2023\/09\/cropped-favion512.png\",\"contentUrl\":\"https:\/\/chromoflux.ch\/wp-content\/uploads\/2023\/09\/cropped-favion512.png\",\"width\":512,\"height\":512,\"caption\":\"Chromoflux\"},\"image\":{\"@id\":\"https:\/\/chromoflux.ch\/fr\/#\/schema\/logo\/image\/\"}}]}<\/script>\n<!-- \/ Yoast SEO plugin. -->","yoast_head_json":{"title":"Stand unique - Chromoflux","robots":{"index":"index","follow":"follow","max-snippet":"max-snippet:-1","max-image-preview":"max-image-preview:large","max-video-preview":"max-video-preview:-1"},"canonical":"https:\/\/chromoflux.ch\/fr\/shop\/supports-individuels\/","og_locale":"fr_FR","og_type":"article","og_title":"Stand unique - Chromoflux","og_description":"Le stand unique permet de stocker\/exposer un prisme de rechange en toute s\u00e9curit\u00e9 \u00e0 c\u00f4t\u00e9 du luminaire, pr\u00eat \u00e0 \u00eatre remplac\u00e9 \u00e0 tout moment.","og_url":"https:\/\/chromoflux.ch\/fr\/shop\/supports-individuels\/","og_site_name":"Chromoflux","article_modified_time":"2026-03-04T11:36:17+00:00","og_image":[{"width":2560,"height":1708,"url":"https:\/\/chromoflux.ch\/wp-content\/uploads\/2026\/02\/Einzelstaender-2-1-scaled.jpg","type":"image\/jpeg"}],"twitter_card":"summary_large_image","twitter_misc":{"Dur\u00e9e de lecture estim\u00e9e":"1 minute"},"schema":{"@context":"https:\/\/schema.org","@graph":[{"@type":"WebPage","@id":"https:\/\/chromoflux.ch\/fr\/shop\/supports-individuels\/","url":"https:\/\/chromoflux.ch\/fr\/shop\/supports-individuels\/","name":"Stand unique - Chromoflux","isPartOf":{"@id":"https:\/\/chromoflux.ch\/fr\/#website"},"primaryImageOfPage":{"@id":"https:\/\/chromoflux.ch\/fr\/shop\/supports-individuels\/#primaryimage"},"image":{"@id":"https:\/\/chromoflux.ch\/fr\/shop\/supports-individuels\/#primaryimage"},"thumbnailUrl":"https:\/\/chromoflux.ch\/wp-content\/uploads\/2026\/02\/Einzelstaender-2-1-scaled.jpg","datePublished":"2025-11-24T19:09:10+00:00","dateModified":"2026-03-04T11:36:17+00:00","breadcrumb":{"@id":"https:\/\/chromoflux.ch\/fr\/shop\/supports-individuels\/#breadcrumb"},"inLanguage":"fr-FR","potentialAction":[{"@type":"ReadAction","target":["https:\/\/chromoflux.ch\/fr\/shop\/supports-individuels\/"]}]},{"@type":"ImageObject","inLanguage":"fr-FR","@id":"https:\/\/chromoflux.ch\/fr\/shop\/supports-individuels\/#primaryimage","url":"https:\/\/chromoflux.ch\/wp-content\/uploads\/2026\/02\/Einzelstaender-2-1-scaled.jpg","contentUrl":"https:\/\/chromoflux.ch\/wp-content\/uploads\/2026\/02\/Einzelstaender-2-1-scaled.jpg","width":2560,"height":1708},{"@type":"BreadcrumbList","@id":"https:\/\/chromoflux.ch\/fr\/shop\/supports-individuels\/#breadcrumb","itemListElement":[{"@type":"ListItem","position":1,"name":"Startseite","item":"https:\/\/chromoflux.ch\/fr\/"},{"@type":"ListItem","position":2,"name":"Boutique","item":"https:\/\/chromoflux.ch\/fr\/boutique\/"},{"@type":"ListItem","position":3,"name":"Stand unique"}]},{"@type":"WebSite","@id":"https:\/\/chromoflux.ch\/fr\/#website","url":"https:\/\/chromoflux.ch\/fr\/","name":"Chromoflux","description":"","publisher":{"@id":"https:\/\/chromoflux.ch\/fr\/#organization"},"potentialAction":[{"@type":"SearchAction","target":{"@type":"EntryPoint","urlTemplate":"https:\/\/chromoflux.ch\/fr\/?s={search_term_string}"},"query-input":{"@type":"PropertyValueSpecification","valueRequired":true,"valueName":"search_term_string"}}],"inLanguage":"fr-FR"},{"@type":"Organization","@id":"https:\/\/chromoflux.ch\/fr\/#organization","name":"Chromoflux","url":"https:\/\/chromoflux.ch\/fr\/","logo":{"@type":"ImageObject","inLanguage":"fr-FR","@id":"https:\/\/chromoflux.ch\/fr\/#\/schema\/logo\/image\/","url":"https:\/\/chromoflux.ch\/wp-content\/uploads\/2023\/09\/cropped-favion512.png","contentUrl":"https:\/\/chromoflux.ch\/wp-content\/uploads\/2023\/09\/cropped-favion512.png","width":512,"height":512,"caption":"Chromoflux"},"image":{"@id":"https:\/\/chromoflux.ch\/fr\/#\/schema\/logo\/image\/"}}]}},"_links":{"self":[{"href":"https:\/\/chromoflux.ch\/fr\/wp-json\/wp\/v2\/product\/1337","targetHints":{"allow":["GET"]}}],"collection":[{"href":"https:\/\/chromoflux.ch\/fr\/wp-json\/wp\/v2\/product"}],"about":[{"href":"https:\/\/chromoflux.ch\/fr\/wp-json\/wp\/v2\/types\/product"}],"replies":[{"embeddable":true,"href":"https:\/\/chromoflux.ch\/fr\/wp-json\/wp\/v2\/comments?post=1337"}],"wp:featuredmedia":[{"embeddable":true,"href":"https:\/\/chromoflux.ch\/fr\/wp-json\/wp\/v2\/media\/1345"}],"wp:attachment":[{"href":"https:\/\/chromoflux.ch\/fr\/wp-json\/wp\/v2\/media?parent=1337"}],"wp:term":[{"taxonomy":"product_brand","embeddable":true,"href":"https:\/\/chromoflux.ch\/fr\/wp-json\/wp\/v2\/product_brand?post=1337"},{"taxonomy":"product_cat","embeddable":true,"href":"https:\/\/chromoflux.ch\/fr\/wp-json\/wp\/v2\/product_cat?post=1337"},{"taxonomy":"product_tag","embeddable":true,"href":"https:\/\/chromoflux.ch\/fr\/wp-json\/wp\/v2\/product_tag?post=1337"}],"curies":[{"name":"wp","href":"https:\/\/api.w.org\/{rel}","templated":true}]}}