{"id":1360,"date":"2025-11-25T20:10:11","date_gmt":"2025-11-25T20:10:11","guid":{"rendered":"https:\/\/chromoflux.ch\/shop\/support-a-trois\/"},"modified":"2026-03-04T11:38:05","modified_gmt":"2026-03-04T11:38:05","slug":"support-a-trois","status":"publish","type":"product","link":"https:\/\/chromoflux.ch\/fr\/shop\/support-a-trois\/","title":{"rendered":"Stand triple"},"content":{"rendered":"<p><strong>Dimensions<\/strong>: 46 x 40 x 32 cm<\/p>\n<p><strong>Poids<\/strong>: 12 kg<\/p>\n<p><strong>Mat\u00e9riaux\/composants<\/strong>: PMMA GS*<\/p>\n<p>* PMMA GS signifie verre acrylique coul\u00e9 (polym\u00e9thacrylate de m\u00e9thyle), un plastique transparent connu pour sa grande transparence, sa r\u00e9sistance aux intemp\u00e9ries et sa facilit\u00e9 de traitement. Il est fabriqu\u00e9 par moulage et convient parfaitement aux applications pour lesquelles un aspect visuel exceptionnel est important. Par rapport au PMMA extrud\u00e9 (PMMA XT), le PMMA GS pr\u00e9sente moins de tensions et est moins sujet aux fissures de contrainte.  <\/p>\n<p>&nbsp;<\/p>\n<p><strong>D\u00e9tails du produit<\/strong><\/p>\n<div>\n<ul>\n<li>PMMA GS 20 mm, noir-brillant, et tube en verre acrylique, transparent D=180\/172mm, plaque de fond proprement d\u00e9coup\u00e9e et bords polis au diamant sur le pourtour et l\u00e9g\u00e8rement cass\u00e9s. Tube coup\u00e9 \u00e0 300 mm, bords cass\u00e9s. Tubes coll\u00e9s sur la plaque de base.  <\/li>\n<\/ul>\n<\/div>\n","protected":false},"excerpt":{"rendered":"<p>Le stand triple permet de stocker\/exposer en toute s\u00e9curit\u00e9 <strong>jusqu&rsquo;\u00e0 trois prismes de rechange<\/strong> \u00e0 c\u00f4t\u00e9 du luminaire, pr\u00eats \u00e0 \u00eatre remplac\u00e9s \u00e0 tout moment.<\/p>\n","protected":false},"featured_media":1365,"comment_status":"closed","ping_status":"closed","template":"","meta":[],"product_brand":[],"product_cat":[48],"product_tag":[],"class_list":{"0":"post-1360","1":"product","2":"type-product","3":"status-publish","4":"has-post-thumbnail","6":"product_cat-accessoires","8":"first","9":"instock","10":"shipping-taxable","11":"purchasable","12":"product-type-simple"},"yoast_head":"<!-- This site is optimized with the Yoast SEO plugin v27.1.1 - https:\/\/yoast.com\/product\/yoast-seo-wordpress\/ -->\n<title>Stand triple - Chromoflux<\/title>\n<meta name=\"robots\" content=\"index, follow, max-snippet:-1, max-image-preview:large, max-video-preview:-1\" \/>\n<link rel=\"canonical\" href=\"https:\/\/chromoflux.ch\/fr\/shop\/support-a-trois\/\" \/>\n<meta property=\"og:locale\" content=\"fr_FR\" \/>\n<meta property=\"og:type\" content=\"article\" \/>\n<meta property=\"og:title\" content=\"Stand triple - Chromoflux\" \/>\n<meta property=\"og:description\" content=\"Le stand triple permet de stocker\/exposer en toute s\u00e9curit\u00e9 jusqu&#039;\u00e0 trois prismes de rechange \u00e0 c\u00f4t\u00e9 du luminaire, pr\u00eats \u00e0 \u00eatre remplac\u00e9s \u00e0 tout moment.\" \/>\n<meta property=\"og:url\" content=\"https:\/\/chromoflux.ch\/fr\/shop\/support-a-trois\/\" \/>\n<meta property=\"og:site_name\" content=\"Chromoflux\" \/>\n<meta property=\"article:modified_time\" content=\"2026-03-04T11:38:05+00:00\" \/>\n<meta property=\"og:image\" content=\"https:\/\/chromoflux.ch\/wp-content\/uploads\/2026\/02\/Staender-3-er-von-oben-scaled.jpg\" \/>\n\t<meta property=\"og:image:width\" content=\"2560\" \/>\n\t<meta property=\"og:image:height\" content=\"1708\" \/>\n\t<meta property=\"og:image:type\" content=\"image\/jpeg\" \/>\n<meta name=\"twitter:card\" content=\"summary_large_image\" \/>\n<meta name=\"twitter:label1\" content=\"Dur\u00e9e de lecture estim\u00e9e\" \/>\n\t<meta name=\"twitter:data1\" content=\"1 minute\" \/>\n<script type=\"application\/ld+json\" class=\"yoast-schema-graph\">{\"@context\":\"https:\/\/schema.org\",\"@graph\":[{\"@type\":\"WebPage\",\"@id\":\"https:\/\/chromoflux.ch\/fr\/shop\/support-a-trois\/\",\"url\":\"https:\/\/chromoflux.ch\/fr\/shop\/support-a-trois\/\",\"name\":\"Stand triple - Chromoflux\",\"isPartOf\":{\"@id\":\"https:\/\/chromoflux.ch\/fr\/#website\"},\"primaryImageOfPage\":{\"@id\":\"https:\/\/chromoflux.ch\/fr\/shop\/support-a-trois\/#primaryimage\"},\"image\":{\"@id\":\"https:\/\/chromoflux.ch\/fr\/shop\/support-a-trois\/#primaryimage\"},\"thumbnailUrl\":\"https:\/\/chromoflux.ch\/wp-content\/uploads\/2026\/02\/Staender-3-er-von-oben-scaled.jpg\",\"datePublished\":\"2025-11-25T20:10:11+00:00\",\"dateModified\":\"2026-03-04T11:38:05+00:00\",\"breadcrumb\":{\"@id\":\"https:\/\/chromoflux.ch\/fr\/shop\/support-a-trois\/#breadcrumb\"},\"inLanguage\":\"fr-FR\",\"potentialAction\":[{\"@type\":\"ReadAction\",\"target\":[\"https:\/\/chromoflux.ch\/fr\/shop\/support-a-trois\/\"]}]},{\"@type\":\"ImageObject\",\"inLanguage\":\"fr-FR\",\"@id\":\"https:\/\/chromoflux.ch\/fr\/shop\/support-a-trois\/#primaryimage\",\"url\":\"https:\/\/chromoflux.ch\/wp-content\/uploads\/2026\/02\/Staender-3-er-von-oben-scaled.jpg\",\"contentUrl\":\"https:\/\/chromoflux.ch\/wp-content\/uploads\/2026\/02\/Staender-3-er-von-oben-scaled.jpg\",\"width\":2560,\"height\":1708},{\"@type\":\"BreadcrumbList\",\"@id\":\"https:\/\/chromoflux.ch\/fr\/shop\/support-a-trois\/#breadcrumb\",\"itemListElement\":[{\"@type\":\"ListItem\",\"position\":1,\"name\":\"Startseite\",\"item\":\"https:\/\/chromoflux.ch\/fr\/\"},{\"@type\":\"ListItem\",\"position\":2,\"name\":\"Boutique\",\"item\":\"https:\/\/chromoflux.ch\/fr\/boutique\/\"},{\"@type\":\"ListItem\",\"position\":3,\"name\":\"Stand triple\"}]},{\"@type\":\"WebSite\",\"@id\":\"https:\/\/chromoflux.ch\/fr\/#website\",\"url\":\"https:\/\/chromoflux.ch\/fr\/\",\"name\":\"Chromoflux\",\"description\":\"\",\"publisher\":{\"@id\":\"https:\/\/chromoflux.ch\/fr\/#organization\"},\"potentialAction\":[{\"@type\":\"SearchAction\",\"target\":{\"@type\":\"EntryPoint\",\"urlTemplate\":\"https:\/\/chromoflux.ch\/fr\/?s={search_term_string}\"},\"query-input\":{\"@type\":\"PropertyValueSpecification\",\"valueRequired\":true,\"valueName\":\"search_term_string\"}}],\"inLanguage\":\"fr-FR\"},{\"@type\":\"Organization\",\"@id\":\"https:\/\/chromoflux.ch\/fr\/#organization\",\"name\":\"Chromoflux\",\"url\":\"https:\/\/chromoflux.ch\/fr\/\",\"logo\":{\"@type\":\"ImageObject\",\"inLanguage\":\"fr-FR\",\"@id\":\"https:\/\/chromoflux.ch\/fr\/#\/schema\/logo\/image\/\",\"url\":\"https:\/\/chromoflux.ch\/wp-content\/uploads\/2023\/09\/cropped-favion512.png\",\"contentUrl\":\"https:\/\/chromoflux.ch\/wp-content\/uploads\/2023\/09\/cropped-favion512.png\",\"width\":512,\"height\":512,\"caption\":\"Chromoflux\"},\"image\":{\"@id\":\"https:\/\/chromoflux.ch\/fr\/#\/schema\/logo\/image\/\"}}]}<\/script>\n<!-- \/ Yoast SEO plugin. -->","yoast_head_json":{"title":"Stand triple - Chromoflux","robots":{"index":"index","follow":"follow","max-snippet":"max-snippet:-1","max-image-preview":"max-image-preview:large","max-video-preview":"max-video-preview:-1"},"canonical":"https:\/\/chromoflux.ch\/fr\/shop\/support-a-trois\/","og_locale":"fr_FR","og_type":"article","og_title":"Stand triple - Chromoflux","og_description":"Le stand triple permet de stocker\/exposer en toute s\u00e9curit\u00e9 jusqu'\u00e0 trois prismes de rechange \u00e0 c\u00f4t\u00e9 du luminaire, pr\u00eats \u00e0 \u00eatre remplac\u00e9s \u00e0 tout moment.","og_url":"https:\/\/chromoflux.ch\/fr\/shop\/support-a-trois\/","og_site_name":"Chromoflux","article_modified_time":"2026-03-04T11:38:05+00:00","og_image":[{"width":2560,"height":1708,"url":"https:\/\/chromoflux.ch\/wp-content\/uploads\/2026\/02\/Staender-3-er-von-oben-scaled.jpg","type":"image\/jpeg"}],"twitter_card":"summary_large_image","twitter_misc":{"Dur\u00e9e de lecture estim\u00e9e":"1 minute"},"schema":{"@context":"https:\/\/schema.org","@graph":[{"@type":"WebPage","@id":"https:\/\/chromoflux.ch\/fr\/shop\/support-a-trois\/","url":"https:\/\/chromoflux.ch\/fr\/shop\/support-a-trois\/","name":"Stand triple - Chromoflux","isPartOf":{"@id":"https:\/\/chromoflux.ch\/fr\/#website"},"primaryImageOfPage":{"@id":"https:\/\/chromoflux.ch\/fr\/shop\/support-a-trois\/#primaryimage"},"image":{"@id":"https:\/\/chromoflux.ch\/fr\/shop\/support-a-trois\/#primaryimage"},"thumbnailUrl":"https:\/\/chromoflux.ch\/wp-content\/uploads\/2026\/02\/Staender-3-er-von-oben-scaled.jpg","datePublished":"2025-11-25T20:10:11+00:00","dateModified":"2026-03-04T11:38:05+00:00","breadcrumb":{"@id":"https:\/\/chromoflux.ch\/fr\/shop\/support-a-trois\/#breadcrumb"},"inLanguage":"fr-FR","potentialAction":[{"@type":"ReadAction","target":["https:\/\/chromoflux.ch\/fr\/shop\/support-a-trois\/"]}]},{"@type":"ImageObject","inLanguage":"fr-FR","@id":"https:\/\/chromoflux.ch\/fr\/shop\/support-a-trois\/#primaryimage","url":"https:\/\/chromoflux.ch\/wp-content\/uploads\/2026\/02\/Staender-3-er-von-oben-scaled.jpg","contentUrl":"https:\/\/chromoflux.ch\/wp-content\/uploads\/2026\/02\/Staender-3-er-von-oben-scaled.jpg","width":2560,"height":1708},{"@type":"BreadcrumbList","@id":"https:\/\/chromoflux.ch\/fr\/shop\/support-a-trois\/#breadcrumb","itemListElement":[{"@type":"ListItem","position":1,"name":"Startseite","item":"https:\/\/chromoflux.ch\/fr\/"},{"@type":"ListItem","position":2,"name":"Boutique","item":"https:\/\/chromoflux.ch\/fr\/boutique\/"},{"@type":"ListItem","position":3,"name":"Stand triple"}]},{"@type":"WebSite","@id":"https:\/\/chromoflux.ch\/fr\/#website","url":"https:\/\/chromoflux.ch\/fr\/","name":"Chromoflux","description":"","publisher":{"@id":"https:\/\/chromoflux.ch\/fr\/#organization"},"potentialAction":[{"@type":"SearchAction","target":{"@type":"EntryPoint","urlTemplate":"https:\/\/chromoflux.ch\/fr\/?s={search_term_string}"},"query-input":{"@type":"PropertyValueSpecification","valueRequired":true,"valueName":"search_term_string"}}],"inLanguage":"fr-FR"},{"@type":"Organization","@id":"https:\/\/chromoflux.ch\/fr\/#organization","name":"Chromoflux","url":"https:\/\/chromoflux.ch\/fr\/","logo":{"@type":"ImageObject","inLanguage":"fr-FR","@id":"https:\/\/chromoflux.ch\/fr\/#\/schema\/logo\/image\/","url":"https:\/\/chromoflux.ch\/wp-content\/uploads\/2023\/09\/cropped-favion512.png","contentUrl":"https:\/\/chromoflux.ch\/wp-content\/uploads\/2023\/09\/cropped-favion512.png","width":512,"height":512,"caption":"Chromoflux"},"image":{"@id":"https:\/\/chromoflux.ch\/fr\/#\/schema\/logo\/image\/"}}]}},"_links":{"self":[{"href":"https:\/\/chromoflux.ch\/fr\/wp-json\/wp\/v2\/product\/1360","targetHints":{"allow":["GET"]}}],"collection":[{"href":"https:\/\/chromoflux.ch\/fr\/wp-json\/wp\/v2\/product"}],"about":[{"href":"https:\/\/chromoflux.ch\/fr\/wp-json\/wp\/v2\/types\/product"}],"replies":[{"embeddable":true,"href":"https:\/\/chromoflux.ch\/fr\/wp-json\/wp\/v2\/comments?post=1360"}],"wp:featuredmedia":[{"embeddable":true,"href":"https:\/\/chromoflux.ch\/fr\/wp-json\/wp\/v2\/media\/1365"}],"wp:attachment":[{"href":"https:\/\/chromoflux.ch\/fr\/wp-json\/wp\/v2\/media?parent=1360"}],"wp:term":[{"taxonomy":"product_brand","embeddable":true,"href":"https:\/\/chromoflux.ch\/fr\/wp-json\/wp\/v2\/product_brand?post=1360"},{"taxonomy":"product_cat","embeddable":true,"href":"https:\/\/chromoflux.ch\/fr\/wp-json\/wp\/v2\/product_cat?post=1360"},{"taxonomy":"product_tag","embeddable":true,"href":"https:\/\/chromoflux.ch\/fr\/wp-json\/wp\/v2\/product_tag?post=1360"}],"curies":[{"name":"wp","href":"https:\/\/api.w.org\/{rel}","templated":true}]}}