{"id":850,"date":"2023-11-09T15:43:47","date_gmt":"2023-11-09T15:43:47","guid":{"rendered":"https:\/\/chromoflux.ch\/shop\/luminaire-special-3-ignis\/"},"modified":"2026-03-16T21:17:34","modified_gmt":"2026-03-16T21:17:34","slug":"luminaire-special-3-ignis","status":"publish","type":"product","link":"https:\/\/chromoflux.ch\/fr\/shop\/luminaire-special-3-ignis\/","title":{"rendered":"Luminaire IGNIS (Special 3)"},"content":{"rendered":"<p><b>Dimensions<\/b>: 24 x 24 x 200 cm<\/p>\n<p><b>Poids<\/b>: 15 kg<\/p>\n<p><b>Mat\u00e9riaux\/composants<\/b>: base, r\u00e9flecteur et prisme en PMMA GS*, miroir argent\u00e9 en PMMA, bande de LED, moteur de rotation, films adh\u00e9sifs<\/p>\n<p>* PMMA GS signifie verre acrylique coul\u00e9 (polym\u00e9thacrylate de m\u00e9thyle), un plastique transparent connu pour sa grande transparence, sa r\u00e9sistance aux intemp\u00e9ries et sa facilit\u00e9 de traitement. Il est fabriqu\u00e9 par moulage et convient parfaitement aux applications pour lesquelles un aspect visuel exceptionnel est important. Par rapport au PMMA extrud\u00e9 (PMMA XT), le PMMA GS pr\u00e9sente moins de tensions et est moins sujet aux fissures de contrainte.  <\/p>\n<p><b>P\u00e9riode de garantie<\/b>: 1 an.<\/p>\n<p>Tous les composants sont assembl\u00e9s avant l&rsquo;exp\u00e9dition, de sorte que l&rsquo;acqu\u00e9reur n&rsquo;a pas \u00e0 effectuer de montage suppl\u00e9mentaire.<\/p>\n<p>&nbsp;<\/p>\n<p><strong>D\u00e9tails du produit<\/strong><\/p>\n<ul>\n<li>Socle \u00d8 380 mm en PMMA GS 20 mm, noir, en deux parties (pour faciliter l&#8217;emballage et le transport). Int\u00e9gr\u00e9s dans le socle : moteur de rotation, transformateur, modules radio<i> \/ <\/i>Connexion : 230 VAC, 50 Hz. <\/li>\n<li>R\u00e9flecteur en PMMA GS 6 mm, ext\u00e9rieur noir, int\u00e9rieur PMMA argent\u00e9, 3 mm. Cache sup\u00e9rieur en PMMA GS 20 mm, noir, coll\u00e9 au r\u00e9flecteur. Parois lat\u00e9rales 240 mm, hauteur totale 1975 mm -Equerre ext\u00e9rieure (noir mat vers l&rsquo;ext\u00e9rieur) polie et pli\u00e9e une fois \u00e0 90\u00b0. Corni\u00e8re 30\/30\/3 mm coll\u00e9e dans l&rsquo;angle et recouverte \u00e0 gauche et \u00e0 droite de miroirs en verre acrylique sur toute la hauteur et la largeur.  <\/li>\n<li>Bande LED avec diffuseur opale<\/li>\n<li>Prisme en PMMA GS transparent, 3 mm, triangle isoc\u00e8le avec des c\u00f4t\u00e9s de 130 mm de long. Fond et couvercle avec plaques de PMMA noir 5 mm coll\u00e9es et, en plus, un disque hexagonal en PMMA GS 3 mm, transparent. D\u00e9cor avec films adh\u00e9sifs transparents ORACAL 8300, type selon sp\u00e9cification exacte. Les motifs des films ont \u00e9t\u00e9 trac\u00e9s et coll\u00e9s selon le plan.  <\/li>\n<\/ul>\n<p>Le luminaire est certifi\u00e9 CE et prot\u00e9g\u00e9 par le num\u00e9ro d&rsquo;enregistrement DM\/099 141.<\/p>\n","protected":false},"excerpt":{"rendered":"<div class=\"sc-itMJkM sc-erbdlo bJzCUQ kpmXUh\">\n<div class=\"sc-Dmqmp sc-dxtBLK jzMCbW bZbZSL\">Objet d&rsquo;art lumineux en forme de <strong>luminaire sur pied<\/strong>, compos\u00e9 d&rsquo;un <strong>r\u00e9flecteur \u00e0 miroir<\/strong> et d&rsquo;un <strong>prisme rotatif de couleur mod\u00e8le IGNIS (Special 3)<\/strong>, d\u00e9cor\u00e9 avec les couleurs de l&rsquo;<strong>\u00e9l\u00e9ment feu<\/strong>.<\/div>\n<\/div>\n<p>La t\u00e9l\u00e9commande fournie permet de r\u00e9gler l&rsquo;<strong>intensit\u00e9 lumineuse<\/strong>, ainsi que la <strong>position et la rotation du prisme de couleur <\/strong>(une rotation par minute, peut \u00eatre arr\u00eat\u00e9e \u00e0 n&rsquo;importe quelle position).<\/p>\n","protected":false},"featured_media":421,"comment_status":"open","ping_status":"closed","template":"","meta":[],"product_brand":[],"product_cat":[38],"product_tag":[],"class_list":{"0":"post-850","1":"product","2":"type-product","3":"status-publish","4":"has-post-thumbnail","6":"product_cat-luminaires-sur-pied","8":"first","9":"instock","10":"shipping-taxable","11":"purchasable","12":"product-type-simple"},"yoast_head":"<!-- This site is optimized with the Yoast SEO plugin v27.1.1 - https:\/\/yoast.com\/product\/yoast-seo-wordpress\/ -->\n<title>Luminaire IGNIS (Special 3) - Chromoflux<\/title>\n<meta name=\"description\" content=\"Chromoflux Luminaire &quot;Special 3&quot; (Fire), moteur de rotation, t\u00e9l\u00e9commande\" \/>\n<meta name=\"robots\" content=\"index, follow, max-snippet:-1, max-image-preview:large, max-video-preview:-1\" \/>\n<link rel=\"canonical\" href=\"https:\/\/chromoflux.ch\/fr\/shop\/luminaire-special-3-ignis\/\" \/>\n<meta property=\"og:locale\" content=\"fr_FR\" \/>\n<meta property=\"og:type\" content=\"article\" \/>\n<meta property=\"og:title\" content=\"Luminaire IGNIS (Special 3) - Chromoflux\" \/>\n<meta property=\"og:description\" content=\"Chromoflux Luminaire &quot;Special 3&quot; (Fire), moteur de rotation, t\u00e9l\u00e9commande\" \/>\n<meta property=\"og:url\" content=\"https:\/\/chromoflux.ch\/fr\/shop\/luminaire-special-3-ignis\/\" \/>\n<meta property=\"og:site_name\" content=\"Chromoflux\" \/>\n<meta property=\"article:modified_time\" content=\"2026-03-16T21:17:34+00:00\" \/>\n<meta property=\"og:image\" content=\"https:\/\/chromoflux.ch\/wp-content\/uploads\/2023\/11\/special-3-main.jpg\" \/>\n\t<meta property=\"og:image:width\" content=\"1088\" \/>\n\t<meta property=\"og:image:height\" content=\"2400\" \/>\n\t<meta property=\"og:image:type\" content=\"image\/jpeg\" \/>\n<meta name=\"twitter:card\" content=\"summary_large_image\" \/>\n<meta name=\"twitter:label1\" content=\"Dur\u00e9e de lecture estim\u00e9e\" \/>\n\t<meta name=\"twitter:data1\" content=\"2 minutes\" \/>\n<script type=\"application\/ld+json\" class=\"yoast-schema-graph\">{\"@context\":\"https:\/\/schema.org\",\"@graph\":[{\"@type\":\"WebPage\",\"@id\":\"https:\/\/chromoflux.ch\/fr\/shop\/luminaire-special-3-ignis\/\",\"url\":\"https:\/\/chromoflux.ch\/fr\/shop\/luminaire-special-3-ignis\/\",\"name\":\"Luminaire IGNIS (Special 3) - Chromoflux\",\"isPartOf\":{\"@id\":\"https:\/\/chromoflux.ch\/fr\/#website\"},\"primaryImageOfPage\":{\"@id\":\"https:\/\/chromoflux.ch\/fr\/shop\/luminaire-special-3-ignis\/#primaryimage\"},\"image\":{\"@id\":\"https:\/\/chromoflux.ch\/fr\/shop\/luminaire-special-3-ignis\/#primaryimage\"},\"thumbnailUrl\":\"https:\/\/chromoflux.ch\/wp-content\/uploads\/2023\/11\/special-3-main.jpg\",\"datePublished\":\"2023-11-09T15:43:47+00:00\",\"dateModified\":\"2026-03-16T21:17:34+00:00\",\"description\":\"Chromoflux Luminaire \\\"Special 3\\\" (Fire), moteur de rotation, t\u00e9l\u00e9commande\",\"breadcrumb\":{\"@id\":\"https:\/\/chromoflux.ch\/fr\/shop\/luminaire-special-3-ignis\/#breadcrumb\"},\"inLanguage\":\"fr-FR\",\"potentialAction\":[{\"@type\":\"ReadAction\",\"target\":[\"https:\/\/chromoflux.ch\/fr\/shop\/luminaire-special-3-ignis\/\"]}]},{\"@type\":\"ImageObject\",\"inLanguage\":\"fr-FR\",\"@id\":\"https:\/\/chromoflux.ch\/fr\/shop\/luminaire-special-3-ignis\/#primaryimage\",\"url\":\"https:\/\/chromoflux.ch\/wp-content\/uploads\/2023\/11\/special-3-main.jpg\",\"contentUrl\":\"https:\/\/chromoflux.ch\/wp-content\/uploads\/2023\/11\/special-3-main.jpg\",\"width\":1088,\"height\":2400},{\"@type\":\"BreadcrumbList\",\"@id\":\"https:\/\/chromoflux.ch\/fr\/shop\/luminaire-special-3-ignis\/#breadcrumb\",\"itemListElement\":[{\"@type\":\"ListItem\",\"position\":1,\"name\":\"Startseite\",\"item\":\"https:\/\/chromoflux.ch\/fr\/\"},{\"@type\":\"ListItem\",\"position\":2,\"name\":\"Boutique\",\"item\":\"https:\/\/chromoflux.ch\/fr\/boutique\/\"},{\"@type\":\"ListItem\",\"position\":3,\"name\":\"Luminaire IGNIS (Special 3)\"}]},{\"@type\":\"WebSite\",\"@id\":\"https:\/\/chromoflux.ch\/fr\/#website\",\"url\":\"https:\/\/chromoflux.ch\/fr\/\",\"name\":\"Chromoflux\",\"description\":\"\",\"publisher\":{\"@id\":\"https:\/\/chromoflux.ch\/fr\/#organization\"},\"potentialAction\":[{\"@type\":\"SearchAction\",\"target\":{\"@type\":\"EntryPoint\",\"urlTemplate\":\"https:\/\/chromoflux.ch\/fr\/?s={search_term_string}\"},\"query-input\":{\"@type\":\"PropertyValueSpecification\",\"valueRequired\":true,\"valueName\":\"search_term_string\"}}],\"inLanguage\":\"fr-FR\"},{\"@type\":\"Organization\",\"@id\":\"https:\/\/chromoflux.ch\/fr\/#organization\",\"name\":\"Chromoflux\",\"url\":\"https:\/\/chromoflux.ch\/fr\/\",\"logo\":{\"@type\":\"ImageObject\",\"inLanguage\":\"fr-FR\",\"@id\":\"https:\/\/chromoflux.ch\/fr\/#\/schema\/logo\/image\/\",\"url\":\"https:\/\/chromoflux.ch\/wp-content\/uploads\/2023\/09\/cropped-favion512.png\",\"contentUrl\":\"https:\/\/chromoflux.ch\/wp-content\/uploads\/2023\/09\/cropped-favion512.png\",\"width\":512,\"height\":512,\"caption\":\"Chromoflux\"},\"image\":{\"@id\":\"https:\/\/chromoflux.ch\/fr\/#\/schema\/logo\/image\/\"}}]}<\/script>\n<!-- \/ Yoast SEO plugin. -->","yoast_head_json":{"title":"Luminaire IGNIS (Special 3) - Chromoflux","description":"Chromoflux Luminaire \"Special 3\" (Fire), moteur de rotation, t\u00e9l\u00e9commande","robots":{"index":"index","follow":"follow","max-snippet":"max-snippet:-1","max-image-preview":"max-image-preview:large","max-video-preview":"max-video-preview:-1"},"canonical":"https:\/\/chromoflux.ch\/fr\/shop\/luminaire-special-3-ignis\/","og_locale":"fr_FR","og_type":"article","og_title":"Luminaire IGNIS (Special 3) - Chromoflux","og_description":"Chromoflux Luminaire \"Special 3\" (Fire), moteur de rotation, t\u00e9l\u00e9commande","og_url":"https:\/\/chromoflux.ch\/fr\/shop\/luminaire-special-3-ignis\/","og_site_name":"Chromoflux","article_modified_time":"2026-03-16T21:17:34+00:00","og_image":[{"width":1088,"height":2400,"url":"https:\/\/chromoflux.ch\/wp-content\/uploads\/2023\/11\/special-3-main.jpg","type":"image\/jpeg"}],"twitter_card":"summary_large_image","twitter_misc":{"Dur\u00e9e de lecture estim\u00e9e":"2 minutes"},"schema":{"@context":"https:\/\/schema.org","@graph":[{"@type":"WebPage","@id":"https:\/\/chromoflux.ch\/fr\/shop\/luminaire-special-3-ignis\/","url":"https:\/\/chromoflux.ch\/fr\/shop\/luminaire-special-3-ignis\/","name":"Luminaire IGNIS (Special 3) - Chromoflux","isPartOf":{"@id":"https:\/\/chromoflux.ch\/fr\/#website"},"primaryImageOfPage":{"@id":"https:\/\/chromoflux.ch\/fr\/shop\/luminaire-special-3-ignis\/#primaryimage"},"image":{"@id":"https:\/\/chromoflux.ch\/fr\/shop\/luminaire-special-3-ignis\/#primaryimage"},"thumbnailUrl":"https:\/\/chromoflux.ch\/wp-content\/uploads\/2023\/11\/special-3-main.jpg","datePublished":"2023-11-09T15:43:47+00:00","dateModified":"2026-03-16T21:17:34+00:00","description":"Chromoflux Luminaire \"Special 3\" (Fire), moteur de rotation, t\u00e9l\u00e9commande","breadcrumb":{"@id":"https:\/\/chromoflux.ch\/fr\/shop\/luminaire-special-3-ignis\/#breadcrumb"},"inLanguage":"fr-FR","potentialAction":[{"@type":"ReadAction","target":["https:\/\/chromoflux.ch\/fr\/shop\/luminaire-special-3-ignis\/"]}]},{"@type":"ImageObject","inLanguage":"fr-FR","@id":"https:\/\/chromoflux.ch\/fr\/shop\/luminaire-special-3-ignis\/#primaryimage","url":"https:\/\/chromoflux.ch\/wp-content\/uploads\/2023\/11\/special-3-main.jpg","contentUrl":"https:\/\/chromoflux.ch\/wp-content\/uploads\/2023\/11\/special-3-main.jpg","width":1088,"height":2400},{"@type":"BreadcrumbList","@id":"https:\/\/chromoflux.ch\/fr\/shop\/luminaire-special-3-ignis\/#breadcrumb","itemListElement":[{"@type":"ListItem","position":1,"name":"Startseite","item":"https:\/\/chromoflux.ch\/fr\/"},{"@type":"ListItem","position":2,"name":"Boutique","item":"https:\/\/chromoflux.ch\/fr\/boutique\/"},{"@type":"ListItem","position":3,"name":"Luminaire IGNIS (Special 3)"}]},{"@type":"WebSite","@id":"https:\/\/chromoflux.ch\/fr\/#website","url":"https:\/\/chromoflux.ch\/fr\/","name":"Chromoflux","description":"","publisher":{"@id":"https:\/\/chromoflux.ch\/fr\/#organization"},"potentialAction":[{"@type":"SearchAction","target":{"@type":"EntryPoint","urlTemplate":"https:\/\/chromoflux.ch\/fr\/?s={search_term_string}"},"query-input":{"@type":"PropertyValueSpecification","valueRequired":true,"valueName":"search_term_string"}}],"inLanguage":"fr-FR"},{"@type":"Organization","@id":"https:\/\/chromoflux.ch\/fr\/#organization","name":"Chromoflux","url":"https:\/\/chromoflux.ch\/fr\/","logo":{"@type":"ImageObject","inLanguage":"fr-FR","@id":"https:\/\/chromoflux.ch\/fr\/#\/schema\/logo\/image\/","url":"https:\/\/chromoflux.ch\/wp-content\/uploads\/2023\/09\/cropped-favion512.png","contentUrl":"https:\/\/chromoflux.ch\/wp-content\/uploads\/2023\/09\/cropped-favion512.png","width":512,"height":512,"caption":"Chromoflux"},"image":{"@id":"https:\/\/chromoflux.ch\/fr\/#\/schema\/logo\/image\/"}}]}},"_links":{"self":[{"href":"https:\/\/chromoflux.ch\/fr\/wp-json\/wp\/v2\/product\/850","targetHints":{"allow":["GET"]}}],"collection":[{"href":"https:\/\/chromoflux.ch\/fr\/wp-json\/wp\/v2\/product"}],"about":[{"href":"https:\/\/chromoflux.ch\/fr\/wp-json\/wp\/v2\/types\/product"}],"replies":[{"embeddable":true,"href":"https:\/\/chromoflux.ch\/fr\/wp-json\/wp\/v2\/comments?post=850"}],"wp:featuredmedia":[{"embeddable":true,"href":"https:\/\/chromoflux.ch\/fr\/wp-json\/wp\/v2\/media\/421"}],"wp:attachment":[{"href":"https:\/\/chromoflux.ch\/fr\/wp-json\/wp\/v2\/media?parent=850"}],"wp:term":[{"taxonomy":"product_brand","embeddable":true,"href":"https:\/\/chromoflux.ch\/fr\/wp-json\/wp\/v2\/product_brand?post=850"},{"taxonomy":"product_cat","embeddable":true,"href":"https:\/\/chromoflux.ch\/fr\/wp-json\/wp\/v2\/product_cat?post=850"},{"taxonomy":"product_tag","embeddable":true,"href":"https:\/\/chromoflux.ch\/fr\/wp-json\/wp\/v2\/product_tag?post=850"}],"curies":[{"name":"wp","href":"https:\/\/api.w.org\/{rel}","templated":true}]}}